{"id":16403,"date":"2023-11-13T19:17:04","date_gmt":"2023-11-13T19:17:04","guid":{"rendered":"https:\/\/qyd.cul.mybluehost.me\/ikkuntatjana\/"},"modified":"2023-12-18T20:33:43","modified_gmt":"2023-12-18T20:33:43","slug":"ikkuntatjana","status":"publish","type":"page","link":"https:\/\/fitamalta.com\/mt\/ikkuntatjana\/","title":{"rendered":"Ikkuntatjana"},"content":{"rendered":"\t\t<div data-elementor-type=\"wp-page\" data-elementor-id=\"16403\" class=\"elementor elementor-16403 elementor-16379\">\n\t\t\t\t\t\t<section data-section-name=\"#team\" class=\"elementor-section elementor-top-section elementor-element elementor-element-4d03b24 elementor-section-boxed elementor-section-height-default elementor-section-height-default\" data-id=\"4d03b24\" data-element_type=\"section\" data-e-type=\"section\" data-settings=\"{&quot;background_background&quot;:&quot;classic&quot;}\">\n\t\t\t\t\t\t<div class=\"elementor-container elementor-column-gap-default\">\n\t\t\t\t\t<div class=\"elementor-column elementor-col-100 elementor-top-column elementor-element elementor-element-ea65983\" data-id=\"ea65983\" data-element_type=\"column\" data-e-type=\"column\">\n\t\t\t<div class=\"elementor-widget-wrap elementor-element-populated\">\n\t\t\t\t\t\t<div class=\"elementor-element elementor-element-585ebbf elementor-widget elementor-widget-pix-sliding-text\" data-id=\"585ebbf\" data-element_type=\"widget\" data-e-type=\"widget\" data-widget_type=\"pix-sliding-text.default\">\n\t\t\t\t<div class=\"elementor-widget-container\">\n\t\t\t\t\t<div id=\"sliding-text-142485260\" class=\"mb-3 text-center \"><h1 class=\"mb-32 pix-sliding-headline-2 animate-in font-weight-bold body-font \" data-anim-type=\"pix-sliding-text\" pix-anim-delay=\"500\" data-class=\"body-font text-primary\" style=\"\"><span class=\"slide-in-container \"><span class=\"pix-sliding-item body-font text-primary\" style=\"transition-delay: 0ms;\">Ikkuntatjana&#32;<\/span><\/span> <\/h1><\/div>\t\t\t\t<\/div>\n\t\t\t\t<\/div>\n\t\t\t\t\t<\/div>\n\t\t<\/div>\n\t\t\t\t\t<\/div>\n\t\t<\/section>\n\t\t\t\t<section class=\"elementor-section elementor-top-section elementor-element elementor-element-e73f84a elementor-section-stretched elementor-section-boxed elementor-section-height-default elementor-section-height-default\" data-id=\"e73f84a\" data-element_type=\"section\" data-e-type=\"section\" data-settings=\"{&quot;stretch_section&quot;:&quot;section-stretched&quot;,&quot;background_background&quot;:&quot;classic&quot;}\">\n\t\t\t\t\t\t<div class=\"elementor-container elementor-column-gap-default\">\n\t\t\t\t\t<div class=\"elementor-column elementor-col-50 elementor-top-column elementor-element elementor-element-94af6cb\" data-id=\"94af6cb\" data-element_type=\"column\" data-e-type=\"column\">\n\t\t\t<div class=\"elementor-widget-wrap elementor-element-populated\">\n\t\t\t\t\t\t<div class=\"elementor-element elementor-element-3ee15e8 elementor-invisible elementor-widget elementor-widget-pix-heading\" data-id=\"3ee15e8\" data-element_type=\"widget\" data-e-type=\"widget\" data-widget_type=\"pix-heading.default\">\n\t\t\t\t<div class=\"elementor-widget-container\">\n\t\t\t\t\t<div  class=\"pix-heading-el text-left \"><div><div class=\"slide-in-container\"><h4 class=\"text-primary font-weight-bold animate-in heading-text el-title_custom_color mb-12\" style=\"\" data-anim-type=\"slide-in-up\" data-anim-delay=\"0\">Iltaqa' mat-Tim tas- Sapport tag\u0127na<\/h4><\/div><\/div><\/div>\t\t\t\t<\/div>\n\t\t\t\t<\/div>\n\t\t\t\t<div class=\"elementor-element elementor-element-1c2253f elementor-widget elementor-widget-spacer\" data-id=\"1c2253f\" data-element_type=\"widget\" data-e-type=\"widget\" data-widget_type=\"spacer.default\">\n\t\t\t\t<div class=\"elementor-widget-container\">\n\t\t\t\t\t\t\t<div class=\"elementor-spacer\">\n\t\t\t<div class=\"elementor-spacer-inner\"><\/div>\n\t\t<\/div>\n\t\t\t\t\t\t<\/div>\n\t\t\t\t<\/div>\n\t\t\t\t<section class=\"elementor-section elementor-inner-section elementor-element elementor-element-196a071 elementor-section-boxed elementor-section-height-default elementor-section-height-default\" data-id=\"196a071\" data-element_type=\"section\" data-e-type=\"section\">\n\t\t\t\t\t\t<div class=\"elementor-container elementor-column-gap-default\">\n\t\t\t\t\t<div class=\"elementor-column elementor-col-50 elementor-inner-column elementor-element elementor-element-2412506\" data-id=\"2412506\" data-element_type=\"column\" data-e-type=\"column\">\n\t\t\t<div class=\"elementor-widget-wrap elementor-element-populated\">\n\t\t\t\t\t\t<div class=\"elementor-element elementor-element-e5d82d0 elementor-widget__width-initial elementor-widget-mobile__width-initial elementor-icon-list--layout-traditional elementor-list-item-link-full_width elementor-widget elementor-widget-icon-list\" data-id=\"e5d82d0\" data-element_type=\"widget\" data-e-type=\"widget\" data-widget_type=\"icon-list.default\">\n\t\t\t\t<div class=\"elementor-widget-container\">\n\t\t\t\t\t\t\t<ul class=\"elementor-icon-list-items\">\n\t\t\t\t\t\t\t<li class=\"elementor-icon-list-item\">\n\t\t\t\t\t\t\t\t\t\t\t<span class=\"elementor-icon-list-icon\">\n\t\t\t\t\t\t\t<svg xmlns=\"http:\/\/www.w3.org\/2000\/svg\" xmlns:xlink=\"http:\/\/www.w3.org\/1999\/xlink\" id=\"Layer_1\" x=\"0px\" y=\"0px\" viewBox=\"0 0 200 200\" style=\"enable-background:new 0 0 200 200;\" xml:space=\"preserve\"><g>\t<path style=\"fill:#02288D;\" d=\"M198.46,83c-5.27-28.77-20.2-51.21-44.63-67.21c-14.08-9.23-29.68-14.25-46.48-15.47  c-0.51-0.04-1.01-0.21-1.51-0.32H94.12c-3.73,0.5-7.48,0.9-11.19,1.53C63.84,4.78,47.09,12.95,32.79,25.98  C16.34,40.97,5.69,59.41,1.8,81.33c-5.84,32.93,2.5,62.08,25.08,86.82c14.67,16.08,32.94,26.23,54.37,30.04  c32.85,5.84,61.98-2.41,86.68-24.92c17.63-16.05,27.74-36.29,31.16-59.87c0.36-2.5,0.61-5.01,0.91-7.52V94.16  C199.5,90.44,199.14,86.69,198.46,83z M150.68,140.05c-3.55,3.52-6.92,7.26-11.57,9.46c-6.26,2.97-12.7,3.54-19.36,1.61  c-17.71-5.14-32.36-15.23-45.21-28.15c-9.77-9.81-17.77-20.9-23.24-33.69c-2.15-5.03-4.15-10.11-3.94-18.24  c0.14-4.87,2.93-11.12,8.1-16.34c1.69-1.72,3.38-3.43,5.11-5.11c2.5-2.43,4.7-2.47,7.12-0.06C73.61,55.4,79.5,61.29,85.37,67.2  c2.41,2.44,2.37,4.65-0.08,7.13c-3.25,3.29-6.55,6.53-9.8,9.81c-4.03,4.08-4.31,8.5-0.86,13.12c8.23,11.05,17.96,20.57,29.16,28.58  c4.35,3.11,8.9,2.78,12.69-0.99c3.18-3.17,6.3-6.41,9.47-9.59c2.58-2.59,4.8-2.6,7.4-0.02c5.81,5.79,11.6,11.6,17.38,17.42  C153.33,135.27,153.31,137.43,150.68,140.05z\"><\/path>\t<path style=\"fill:#F2F2F2;\" d=\"M150.68,140.05c-3.55,3.52-6.92,7.26-11.57,9.46c-6.26,2.97-12.7,3.54-19.36,1.61  c-17.71-5.14-32.36-15.23-45.21-28.15c-9.77-9.81-17.77-20.9-23.24-33.69c-2.15-5.03-4.15-10.11-3.94-18.24  c0.14-4.87,2.93-11.12,8.1-16.34c1.69-1.72,3.38-3.43,5.11-5.11c2.5-2.43,4.7-2.47,7.12-0.06C73.61,55.4,79.5,61.29,85.37,67.2  c2.41,2.44,2.37,4.65-0.08,7.13c-3.25,3.29-6.55,6.53-9.8,9.81c-4.03,4.08-4.31,8.5-0.86,13.12c8.23,11.05,17.96,20.57,29.16,28.58  c4.35,3.11,8.9,2.78,12.69-0.99c3.18-3.17,6.3-6.41,9.47-9.59c2.58-2.59,4.8-2.6,7.4-0.02c5.81,5.79,11.6,11.6,17.38,17.42  C153.33,135.27,153.31,137.43,150.68,140.05z\"><\/path><\/g><\/svg>\t\t\t\t\t\t<\/span>\n\t\t\t\t\t\t\t\t\t\t<span class=\"elementor-icon-list-text\"><\/span>\n\t\t\t\t\t\t\t\t\t<\/li>\n\t\t\t\t\t\t\t\t<li class=\"elementor-icon-list-item\">\n\t\t\t\t\t\t\t\t\t\t\t<span class=\"elementor-icon-list-icon\">\n\t\t\t\t\t\t\t<svg xmlns=\"http:\/\/www.w3.org\/2000\/svg\" xmlns:xlink=\"http:\/\/www.w3.org\/1999\/xlink\" id=\"Layer_1\" x=\"0px\" y=\"0px\" viewBox=\"0 0 200 200\" style=\"enable-background:new 0 0 200 200;\" xml:space=\"preserve\"><g>\t<path style=\"fill:#02288D;\" d=\"M198.46,83c-5.27-28.77-20.2-51.21-44.63-67.21c-14.08-9.23-29.68-14.25-46.48-15.47  c-0.51-0.04-1.01-0.21-1.51-0.32H94.12c-3.73,0.5-7.48,0.9-11.19,1.53C63.84,4.78,47.09,12.95,32.79,25.98  C16.34,40.97,5.69,59.41,1.8,81.33c-5.84,32.93,2.5,62.08,25.08,86.82c14.67,16.08,32.94,26.23,54.37,30.04  c32.85,5.84,61.98-2.41,86.68-24.92c17.63-16.05,27.74-36.29,31.16-59.87c0.36-2.5,0.61-5.01,0.91-7.52V94.16  C199.5,90.44,199.14,86.69,198.46,83z M150.68,140.05c-3.55,3.52-6.92,7.26-11.57,9.46c-6.26,2.97-12.7,3.54-19.36,1.61  c-17.71-5.14-32.36-15.23-45.21-28.15c-9.77-9.81-17.77-20.9-23.24-33.69c-2.15-5.03-4.15-10.11-3.94-18.24  c0.14-4.87,2.93-11.12,8.1-16.34c1.69-1.72,3.38-3.43,5.11-5.11c2.5-2.43,4.7-2.47,7.12-0.06C73.61,55.4,79.5,61.29,85.37,67.2  c2.41,2.44,2.37,4.65-0.08,7.13c-3.25,3.29-6.55,6.53-9.8,9.81c-4.03,4.08-4.31,8.5-0.86,13.12c8.23,11.05,17.96,20.57,29.16,28.58  c4.35,3.11,8.9,2.78,12.69-0.99c3.18-3.17,6.3-6.41,9.47-9.59c2.58-2.59,4.8-2.6,7.4-0.02c5.81,5.79,11.6,11.6,17.38,17.42  C153.33,135.27,153.31,137.43,150.68,140.05z\"><\/path>\t<path style=\"fill:#F2F2F2;\" d=\"M150.68,140.05c-3.55,3.52-6.92,7.26-11.57,9.46c-6.26,2.97-12.7,3.54-19.36,1.61  c-17.71-5.14-32.36-15.23-45.21-28.15c-9.77-9.81-17.77-20.9-23.24-33.69c-2.15-5.03-4.15-10.11-3.94-18.24  c0.14-4.87,2.93-11.12,8.1-16.34c1.69-1.72,3.38-3.43,5.11-5.11c2.5-2.43,4.7-2.47,7.12-0.06C73.61,55.4,79.5,61.29,85.37,67.2  c2.41,2.44,2.37,4.65-0.08,7.13c-3.25,3.29-6.55,6.53-9.8,9.81c-4.03,4.08-4.31,8.5-0.86,13.12c8.23,11.05,17.96,20.57,29.16,28.58  c4.35,3.11,8.9,2.78,12.69-0.99c3.18-3.17,6.3-6.41,9.47-9.59c2.58-2.59,4.8-2.6,7.4-0.02c5.81,5.79,11.6,11.6,17.38,17.42  C153.33,135.27,153.31,137.43,150.68,140.05z\"><\/path><\/g><\/svg>\t\t\t\t\t\t<\/span>\n\t\t\t\t\t\t\t\t\t\t<span class=\"elementor-icon-list-text\"><\/span>\n\t\t\t\t\t\t\t\t\t<\/li>\n\t\t\t\t\t\t\t\t<li class=\"elementor-icon-list-item\">\n\t\t\t\t\t\t\t\t\t\t\t<span class=\"elementor-icon-list-icon\">\n\t\t\t\t\t\t\t<svg xmlns=\"http:\/\/www.w3.org\/2000\/svg\" xmlns:xlink=\"http:\/\/www.w3.org\/1999\/xlink\" id=\"Layer_1\" x=\"0px\" y=\"0px\" viewBox=\"0 0 200 200\" style=\"enable-background:new 0 0 200 200;\" xml:space=\"preserve\"><path style=\"fill:#02288D;\" d=\"M100,0C44.77,0,0,44.77,0,100c0,55.23,44.77,100,100,100s100-44.77,100-100C200,44.77,155.23,0,100,0 z M43.9,70.23c2.06-7.33,8.61-12.14,16.66-12.15c13.15-0.01,26.29,0,39.44,0h39.44c6.19,0,11.13,2.45,14.55,7.64 c0.89,1.34,1.38,2.93,2.06,4.4c0.39,0.84,0.09,1.28-0.69,1.76c-13.55,8.24-27.09,16.53-40.63,24.8c-4.61,2.82-9.23,5.62-13.82,8.47 c-0.63,0.39-1.06,0.37-1.68-0.01C81.01,94.01,62.78,82.9,44.54,71.81C43.85,71.4,43.68,71.02,43.9,70.23z M156.89,124.48 c-0.01,10.2-7.27,17.43-17.55,17.44c-24.26,0.01-48.52,0.01-72.77-0.01c-3.22,0-6.48,0.12-9.64-0.36 c-7.09-1.07-12.5-6.78-13.6-13.84c-0.04-0.21-0.15-0.4-0.22-0.6V81.78c7.24,4.4,14.48,8.8,21.71,13.21 c10.36,6.32,20.73,12.62,31.07,18.99c2.76,1.7,5.34,1.68,8.1-0.01c17.17-10.5,34.37-20.96,51.56-31.43 c0.38-0.23,0.76-0.45,1.34-0.79V124.48z\"><\/path><path style=\"fill:#F2F2F2;\" d=\"M156.89,81.75v42.73c-0.01,10.2-7.27,17.43-17.55,17.44c-24.26,0.01-48.52,0.01-72.77-0.01 c-3.22,0-6.48,0.12-9.64-0.36c-7.09-1.07-12.5-6.78-13.6-13.84c-0.04-0.21-0.15-0.4-0.22-0.6V81.78c7.24,4.4,14.48,8.8,21.71,13.21 c10.36,6.32,20.73,12.62,31.07,18.99c2.76,1.7,5.34,1.68,8.1-0.01c17.17-10.5,34.37-20.96,51.56-31.43 C155.93,82.31,156.31,82.09,156.89,81.75z\"><\/path><path style=\"fill:#F2F2F2;\" d=\"M155.36,71.88c-13.55,8.24-27.09,16.53-40.63,24.8c-4.61,2.82-9.23,5.62-13.82,8.47 c-0.63,0.39-1.06,0.37-1.68-0.01C81.01,94.01,62.78,82.9,44.54,71.81c-0.69-0.41-0.86-0.79-0.64-1.58 c2.06-7.33,8.61-12.14,16.66-12.15c13.15-0.01,26.29,0,39.44,0h39.44c6.19,0,11.13,2.45,14.55,7.64c0.89,1.34,1.38,2.93,2.06,4.4 C156.44,70.96,156.14,71.4,155.36,71.88z\"><\/path><\/svg>\t\t\t\t\t\t<\/span>\n\t\t\t\t\t\t\t\t\t\t<span class=\"elementor-icon-list-text\"><\/span>\n\t\t\t\t\t\t\t\t\t<\/li>\n\t\t\t\t\t\t<\/ul>\n\t\t\t\t\t\t<\/div>\n\t\t\t\t<\/div>\n\t\t\t\t<div class=\"elementor-element elementor-element-ed993ce elementor-widget__width-initial elementor-widget-mobile__width-initial elementor-icon-list--layout-traditional elementor-list-item-link-full_width elementor-widget elementor-widget-icon-list\" data-id=\"ed993ce\" data-element_type=\"widget\" data-e-type=\"widget\" data-widget_type=\"icon-list.default\">\n\t\t\t\t<div class=\"elementor-widget-container\">\n\t\t\t\t\t\t\t<ul class=\"elementor-icon-list-items\">\n\t\t\t\t\t\t\t<li class=\"elementor-icon-list-item\">\n\t\t\t\t\t\t\t\t\t\t\t<a href=\"tel:22768008\">\n\n\t\t\t\t\t\t\t\t\t\t\t<span class=\"elementor-icon-list-text\">22768008<\/span>\n\t\t\t\t\t\t\t\t\t\t\t<\/a>\n\t\t\t\t\t\t\t\t\t<\/li>\n\t\t\t\t\t\t\t\t<li class=\"elementor-icon-list-item\">\n\t\t\t\t\t\t\t\t\t\t\t<a href=\"tel:22768019\">\n\n\t\t\t\t\t\t\t\t\t\t\t<span class=\"elementor-icon-list-text\">22768019<\/span>\n\t\t\t\t\t\t\t\t\t\t\t<\/a>\n\t\t\t\t\t\t\t\t\t<\/li>\n\t\t\t\t\t\t\t\t<li class=\"elementor-icon-list-item\">\n\t\t\t\t\t\t\t\t\t\t\t<a href=\"mailto:info@fitamalta.eu\">\n\n\t\t\t\t\t\t\t\t\t\t\t<span class=\"elementor-icon-list-text\">info@fitamalta.com<\/span>\n\t\t\t\t\t\t\t\t\t\t\t<\/a>\n\t\t\t\t\t\t\t\t\t<\/li>\n\t\t\t\t\t\t<\/ul>\n\t\t\t\t\t\t<\/div>\n\t\t\t\t<\/div>\n\t\t\t\t\t<\/div>\n\t\t<\/div>\n\t\t\t\t<div class=\"elementor-column elementor-col-50 elementor-inner-column elementor-element elementor-element-833990a\" data-id=\"833990a\" data-element_type=\"column\" data-e-type=\"column\">\n\t\t\t<div class=\"elementor-widget-wrap elementor-element-populated\">\n\t\t\t\t\t\t<div class=\"elementor-element elementor-element-240dd5d elementor-widget__width-initial elementor-widget-mobile__width-initial elementor-icon-list--layout-traditional elementor-list-item-link-full_width elementor-widget elementor-widget-icon-list\" data-id=\"240dd5d\" data-element_type=\"widget\" data-e-type=\"widget\" data-widget_type=\"icon-list.default\">\n\t\t\t\t<div class=\"elementor-widget-container\">\n\t\t\t\t\t\t\t<ul class=\"elementor-icon-list-items\">\n\t\t\t\t\t\t\t<li class=\"elementor-icon-list-item\">\n\t\t\t\t\t\t\t\t\t\t\t<span class=\"elementor-icon-list-icon\">\n\t\t\t\t\t\t\t<svg xmlns=\"http:\/\/www.w3.org\/2000\/svg\" xmlns:xlink=\"http:\/\/www.w3.org\/1999\/xlink\" id=\"Layer_1\" x=\"0px\" y=\"0px\" viewBox=\"0 0 200 200\" style=\"enable-background:new 0 0 200 200;\" xml:space=\"preserve\"><g>\t<path style=\"fill:#02288D;\" d=\"M198.46,82.74c-5.58-29.91-21.48-52.82-47.35-68.68C134.96,4.16,117.2-0.46,98.27,0  C69.32,0.69,44.96,11.85,25.5,33.26C10.91,49.32,2.36,68.33,0.46,89.93c-2.98,34.05,8.41,62.73,33.94,85.5  c15.78,14.07,34.48,21.81,55.46,24.13c1.28,0.14,2.56,0.31,3.84,0.47h12.51c3.72-0.5,7.47-0.88,11.17-1.55  c22.91-4.12,42.12-14.96,57.55-32.33c13.41-15.1,21.38-32.78,24.19-52.77c0.33-2.37,0.59-4.76,0.88-7.14v-12.5  C199.5,90.07,199.14,86.38,198.46,82.74z M144.67,102.66c-5.07,10.99-11.69,21.02-18.79,30.76c-7.98,10.95-16.62,21.36-25.97,31.7  c-3.72-4.29-7.35-8.36-10.84-12.55c-10.55-12.66-20.56-25.72-28.78-40.06c-3.62-6.33-6.87-12.86-8.72-19.96  c-2.65-10.19-0.73-19.92,3.59-29.23c8.9-19.18,30.03-30.86,50.47-28.1c22.15,2.99,39.11,18.97,43.13,40.34  C150.56,85.14,148.65,94.01,144.67,102.66z\"><\/path>\t<path style=\"fill:#F2F2F2;\" d=\"M148.76,75.56c-4.02-21.37-20.98-37.35-43.13-40.34c-20.44-2.76-41.57,8.92-50.47,28.1  c-4.32,9.31-6.24,19.04-3.59,29.23c1.85,7.1,5.1,13.63,8.72,19.96c8.22,14.34,18.23,27.4,28.78,40.06  c3.49,4.19,7.12,8.26,10.84,12.55c9.35-10.34,17.99-20.75,25.97-31.7c7.1-9.74,13.72-19.77,18.79-30.76  C148.65,94.01,150.56,85.14,148.76,75.56z M99.84,102.34c-10.32-0.04-18.68-8.48-18.65-18.84c0.02-10.34,8.42-18.7,18.78-18.7  c10.36,0.01,18.74,8.39,18.75,18.74C118.73,93.98,110.28,102.39,99.84,102.34z\"><\/path>\t<path style=\"fill:#02288D;\" d=\"M118.72,83.54c0.01,10.44-8.44,18.85-18.88,18.8c-10.32-0.04-18.68-8.48-18.65-18.84  c0.02-10.34,8.42-18.7,18.78-18.7C110.33,64.81,118.71,73.19,118.72,83.54z\"><\/path><\/g><\/svg>\t\t\t\t\t\t<\/span>\n\t\t\t\t\t\t\t\t\t\t<span class=\"elementor-icon-list-text\"><\/span>\n\t\t\t\t\t\t\t\t\t<\/li>\n\t\t\t\t\t\t<\/ul>\n\t\t\t\t\t\t<\/div>\n\t\t\t\t<\/div>\n\t\t\t\t<div class=\"elementor-element elementor-element-11b143c elementor-widget__width-initial elementor-widget-mobile__width-initial elementor-icon-list--layout-traditional elementor-list-item-link-full_width elementor-widget elementor-widget-icon-list\" data-id=\"11b143c\" data-element_type=\"widget\" data-e-type=\"widget\" data-widget_type=\"icon-list.default\">\n\t\t\t\t<div class=\"elementor-widget-container\">\n\t\t\t\t\t\t\t<ul class=\"elementor-icon-list-items\">\n\t\t\t\t\t\t\t<li class=\"elementor-icon-list-item\">\n\t\t\t\t\t\t\t\t\t\t<span class=\"elementor-icon-list-text\">Onda Business Centre, FITA, Level 3, Triq Aldo Moro , Marsa <\/span>\n\t\t\t\t\t\t\t\t\t<\/li>\n\t\t\t\t\t\t<\/ul>\n\t\t\t\t\t\t<\/div>\n\t\t\t\t<\/div>\n\t\t\t\t\t<\/div>\n\t\t<\/div>\n\t\t\t\t\t<\/div>\n\t\t<\/section>\n\t\t\t\t<div class=\"elementor-element elementor-element-18cf9ae elementor-widget elementor-widget-spacer\" data-id=\"18cf9ae\" data-element_type=\"widget\" data-e-type=\"widget\" data-widget_type=\"spacer.default\">\n\t\t\t\t<div class=\"elementor-widget-container\">\n\t\t\t\t\t\t\t<div class=\"elementor-spacer\">\n\t\t\t<div class=\"elementor-spacer-inner\"><\/div>\n\t\t<\/div>\n\t\t\t\t\t\t<\/div>\n\t\t\t\t<\/div>\n\t\t\t\t<div class=\"elementor-element elementor-element-9f2d03d elementor-widget elementor-widget-google_maps\" data-id=\"9f2d03d\" data-element_type=\"widget\" data-e-type=\"widget\" data-widget_type=\"google_maps.default\">\n\t\t\t\t<div class=\"elementor-widget-container\">\n\t\t\t\t\t\t\t<div class=\"elementor-custom-embed\">\n\t\t\t<iframe loading=\"lazy\"\n\t\t\t\t\tsrc=\"https:\/\/maps.google.com\/maps?q=FITA%20Malta&#038;t=m&#038;z=16&#038;output=embed&#038;iwloc=near\"\n\t\t\t\t\ttitle=\"FITA Malta\"\n\t\t\t\t\taria-label=\"FITA Malta\"\n\t\t\t><\/iframe>\n\t\t<\/div>\n\t\t\t\t\t\t<\/div>\n\t\t\t\t<\/div>\n\t\t\t\t\t<\/div>\n\t\t<\/div>\n\t\t\t\t<div class=\"elementor-column elementor-col-50 elementor-top-column elementor-element elementor-element-68d3e66\" data-id=\"68d3e66\" data-element_type=\"column\" data-e-type=\"column\" data-settings=\"{&quot;animation&quot;:&quot;none&quot;}\">\n\t\t\t<div class=\"elementor-widget-wrap elementor-element-populated\">\n\t\t\t\t\t\t<section class=\"elementor-section elementor-inner-section elementor-element elementor-element-74250f7 bg-white shadow-lg shadow-hover-lg rounded-10 fly-sm animated-slow elementor-section-height-min-height elementor-section-boxed elementor-section-height-default\" data-id=\"74250f7\" data-element_type=\"section\" data-e-type=\"section\" data-settings=\"{&quot;animation&quot;:&quot;none&quot;}\">\n\t\t\t\t\t\t<div class=\"elementor-container elementor-column-gap-default\">\n\t\t\t\t\t<div class=\"elementor-column elementor-col-100 elementor-inner-column elementor-element elementor-element-596f300\" data-id=\"596f300\" data-element_type=\"column\" data-e-type=\"column\" data-settings=\"{&quot;animation&quot;:&quot;none&quot;}\">\n\t\t\t<div class=\"elementor-widget-wrap elementor-element-populated\">\n\t\t\t\t\t\t<div class=\"elementor-element elementor-element-ab78d1a elementor-widget elementor-widget-pix-heading\" data-id=\"ab78d1a\" data-element_type=\"widget\" data-e-type=\"widget\" data-widget_type=\"pix-heading.default\">\n\t\t\t\t<div class=\"elementor-widget-container\">\n\t\t\t\t\t<div  class=\"pix-heading-el text-left \"><div><div class=\"slide-in-container\"><h4 class=\"text-black font-weight-bold heading-text el-title_custom_color mb-12\" style=\"\" data-anim-type=\"\" data-anim-delay=\"\">Ibg\u0127atilna messa\u0121\u0121<\/h4><\/div><\/div><\/div>\t\t\t\t<\/div>\n\t\t\t\t<\/div>\n\t\t\t\t<div class=\"elementor-element elementor-element-e59d9fb elementor-widget elementor-widget-pix-text\" data-id=\"e59d9fb\" data-element_type=\"widget\" data-e-type=\"widget\" data-widget_type=\"pix-text.default\">\n\t\t\t\t<div class=\"elementor-widget-container\">\n\t\t\t\t\t<div class=\"pix-el-text w-100 text-left \" ><p class=\"text-18  text-black text-left \" >Ikkuntatjana llum u t-tim ta' appo\u0121\u0121 ta' \u0127biberija tag\u0127na se jil\u0127aq kemm jista' jkun malajr.<\/p><\/div>\t\t\t\t<\/div>\n\t\t\t\t<\/div>\n\t\t\t\t<div class=\"elementor-element elementor-element-77322c9 elementor-widget elementor-widget-text-editor\" data-id=\"77322c9\" data-element_type=\"widget\" data-e-type=\"widget\" data-widget_type=\"text-editor.default\">\n\t\t\t\t<div class=\"elementor-widget-container\">\n\t\t\t\t\t\t\t\t\t\n<div class=\"wpcf7 no-js\" id=\"wpcf7-f15686-o1\" lang=\"mt-MT\" dir=\"ltr\" data-wpcf7-id=\"15686\">\n<div class=\"screen-reader-response\"><p role=\"status\" aria-live=\"polite\" aria-atomic=\"true\"><\/p> <ul><\/ul><\/div>\n<form action=\"\/mt\/wp-json\/wp\/v2\/pages\/16403#wpcf7-f15686-o1\" method=\"post\" class=\"wpcf7-form init\" aria-label=\"Contact form\" novalidate=\"novalidate\" data-status=\"init\">\n<fieldset class=\"hidden-fields-container\"><input type=\"hidden\" name=\"_wpcf7\" value=\"15686\" \/><input type=\"hidden\" name=\"_wpcf7_version\" value=\"6.1.5\" \/><input type=\"hidden\" name=\"_wpcf7_locale\" value=\"mt_MT\" \/><input type=\"hidden\" name=\"_wpcf7_unit_tag\" value=\"wpcf7-f15686-o1\" \/><input type=\"hidden\" name=\"_wpcf7_container_post\" value=\"0\" \/><input type=\"hidden\" name=\"_wpcf7_posted_data_hash\" value=\"\" \/>\n<\/fieldset>\n<div class=\"pix-contact7-form\"><div class=\"pix-contact7-form\">\n\t<div class=\"row\">\n\t\t<div class=\"col-md-6\">\n\t\t\t<p class=\"form-group\"><label class=\"w-100\">Isem s\u0127i\u0127<br \/>\n<span class=\"wpcf7-form-control-wrap\" data-name=\"your-name\"><input size=\"40\" class=\"wpcf7-form-control wpcf7-text pix-my-5 form-control bg-gray-1 shadow-0\" aria-invalid=\"false\" placeholder \"John Doe\" value=\"\" type=\"text\" name=\"your-name\" \/><\/span><\/label>\n\t\t\t<\/p>\n\t\t<\/div>\n\t\t<div class=\"col-md-6\">\n\t\t\t<p class=\"form-group\"><label class=\"w-100\">Indirizz elettroniku*<br \/>\n<span class=\"wpcf7-form-control-wrap\" data-name=\"your-email\"><input size=\"40\" class=\"wpcf7-form-control wpcf7-text wpcf7-email wpcf7-validates-as-required wpcf7-validates-as-email pix-my-5 form-control bg-gray-1 shadow-0\" aria-required=\"true\" aria-invalid=\"false\" placeholder \"email@sample.com\" value=\"\" type=\"email\" name=\"your-email\" \/><\/span><\/label>\n\t\t\t<\/p>\n\t\t<\/div>\n\t<\/div>\n\t<p class=\"form-group\"><label class=\"w-100\">Ikteb il-messa\u0121\u0121 tieg\u0127ek hawn ta\u0127t<span class=\"wpcf7-form-control-wrap\" data-name=\"your-message\"><textarea cols=\"40\" rows=\"5\" class=\"wpcf7-form-control wpcf7-textarea pix-my-5 form-control bg-gray-1 shadow-0\" aria-invalid=\"false\" placeholder \"Il-messa\u0121\u0121 tieg\u0127ek\" name=\"your-message\"><\/textarea><\/span> <\/label>\n\t<\/p>\n\t<p><input class=\"wpcf7-form-control has-spinner wpcf7-submit btn btn-gradient-primary text-white w-100 pix-mt-10 font-weight-bold btn-lg secondary-font\" type=\"submit\" value=\"Ibg\u0127at il-formola\" \/><span class=\"wpcf7-spinner\"><\/span>\n\t<\/p>\n<\/div><\/div><div class=\"wpcf7-response-output\" aria-hidden=\"true\"><\/div>\n<\/form>\n<\/div>\n\n\t\t\t\t\t\t\t\t<\/div>\n\t\t\t\t<\/div>\n\t\t\t\t\t<\/div>\n\t\t<\/div>\n\t\t\t\t\t<\/div>\n\t\t<\/section>\n\t\t\t\t\t<\/div>\n\t\t<\/div>\n\t\t\t\t\t<\/div>\n\t\t<\/section>\n\t\t\t\t<\/div>\n\t\t","protected":false},"excerpt":{"rendered":"<p>Ikkuntatjana&#32; Iltaqa&#8217; mat-Tim tas- Sapport tag\u0127na 22768008 22768019 info@fitamalta.com Onda Business Centre, FITA, Level 3, Triq Aldo Moro , Marsa Ibg\u0127atilna messa\u0121\u0121 Ikkuntatjana llum u t-tim ta&#8217; appo\u0121\u0121 ta&#8217; \u0127biberija tag\u0127na se jil\u0127aq kemm jista&#8217; jkun malajr.<\/p>\n","protected":false},"author":1,"featured_media":0,"parent":0,"menu_order":0,"comment_status":"closed","ping_status":"closed","template":"","meta":{"nf_dc_page":"","_eb_attr":"","footnotes":""},"class_list":["post-16403","page","type-page","status-publish","hentry"],"aioseo_notices":[],"_links":{"self":[{"href":"https:\/\/fitamalta.com\/mt\/wp-json\/wp\/v2\/pages\/16403","targetHints":{"allow":["GET"]}}],"collection":[{"href":"https:\/\/fitamalta.com\/mt\/wp-json\/wp\/v2\/pages"}],"about":[{"href":"https:\/\/fitamalta.com\/mt\/wp-json\/wp\/v2\/types\/page"}],"author":[{"embeddable":true,"href":"https:\/\/fitamalta.com\/mt\/wp-json\/wp\/v2\/users\/1"}],"replies":[{"embeddable":true,"href":"https:\/\/fitamalta.com\/mt\/wp-json\/wp\/v2\/comments?post=16403"}],"version-history":[{"count":5,"href":"https:\/\/fitamalta.com\/mt\/wp-json\/wp\/v2\/pages\/16403\/revisions"}],"predecessor-version":[{"id":16531,"href":"https:\/\/fitamalta.com\/mt\/wp-json\/wp\/v2\/pages\/16403\/revisions\/16531"}],"wp:attachment":[{"href":"https:\/\/fitamalta.com\/mt\/wp-json\/wp\/v2\/media?parent=16403"}],"curies":[{"name":"wp","href":"https:\/\/api.w.org\/{rel}","templated":true}]}}